{"id":267,"date":"2025-09-11T00:25:32","date_gmt":"2025-09-11T05:25:32","guid":{"rendered":"https:\/\/latequilera.softworldcolombia.com\/?page_id=267"},"modified":"2025-09-11T00:58:25","modified_gmt":"2025-09-11T05:58:25","slug":"eventos","status":"publish","type":"page","link":"https:\/\/latequilera.softworldcolombia.com\/?page_id=267","title":{"rendered":"Eventos"},"content":{"rendered":"\t\t<div data-elementor-type=\"wp-page\" data-elementor-id=\"267\" class=\"elementor elementor-267\" data-elementor-post-type=\"page\">\n\t\t\t\t<div class=\"elementor-element elementor-element-7c0f089 e-flex e-con-boxed e-con e-parent\" data-id=\"7c0f089\" data-element_type=\"container\">\n\t\t\t\t\t<div class=\"e-con-inner\">\n\t\t\t\t<div class=\"elementor-element elementor-element-644d661 elementor-widget elementor-widget-slider_revolution\" data-id=\"644d661\" data-element_type=\"widget\" data-widget_type=\"slider_revolution.default\">\n\t\t\t\t\t\n\t\t<div class=\"wp-block-themepunch-revslider\">\n\t\t\t\t<p class=\"rs-p-wp-fix\"><\/p>\n\t\t\t\t<sr7-module data-alias=\"header-reserved-1\" data-id=\"22\" id=\"SR7_22_1\" class=\"rs-ov-hidden\" data-version=\"6.7.37\">\n\t\t\t\t\t<sr7-adjuster><\/sr7-adjuster>\n\t\t\t\t\t<sr7-content>\n\t\t\t\t\t\t<sr7-slide id=\"SR7_22_1-53\" data-key=\"53\">\n\t\t\t\t\t\t\t<sr7-txt id=\"SR7_22_1-53-2\" class=\"sr7-layer\">NUESTROS EVENTOS<\/sr7-txt>\n\t\t\t\t\t\t<\/sr7-slide>\n\t\t\t\t\t\t<sr7-slide id=\"SR7_22_1-54\" data-key=\"54\">\n\t\t\t\t\t\t<\/sr7-slide>\n\t\t\t\t\t<\/sr7-content>\n\t\t\t\t<\/sr7-module>\n\t\t\t\t<script>\n\t\t\t\t\tSR7.PMH ??={}; SR7.PMH[\"SR7_22_1\"] = {cn:100,state:false,fn: function() { if (_tpt!==undefined && _tpt.prepareModuleHeight !== undefined) {  _tpt.prepareModuleHeight({id:\"SR7_22_1\",el:[150,150,768,960,100],type:'hero',shdw:'0',gh:[150,150,150,150,100],gw:[1240,1240,1024,778,480],vpt:['-100px&#039;,&#039;-100px&#039;,&#039;-100px&#039;,&#039;-100px&#039;,&#039;-100px'],size:{fullWidth:true, fullHeight:false},mh:'0',onh:0,onw:0,bg:{color:'{\"orig\":\"transparent\",\"type\":\"solid\",\"string\":\"transparent\"}'}});   SR7.PMH[\"SR7_22_1\"].state=true;} else if(SR7.PMH[\"SR7_22_1\"].cn-->0)\tsetTimeout( SR7.PMH[\"SR7_22_1\"].fn,19);}};SR7.PMH[\"SR7_22_1\" ].fn();\n\t\t\t\t<\/script>\n<\/div>\n\n\t\t\t\t\t\t<\/div>\n\t\t\t\t\t<\/div>\n\t\t\t\t<\/div>\n\t\t<div class=\"elementor-element elementor-element-9fb7c90 e-flex e-con-boxed e-con e-parent\" data-id=\"9fb7c90\" data-element_type=\"container\">\n\t\t\t\t\t<div class=\"e-con-inner\">\n\t\t<div class=\"elementor-element elementor-element-d5aae23 e-con-full e-flex elementor-invisible e-con e-child\" data-id=\"d5aae23\" data-element_type=\"container\" data-settings=\"{&quot;background_background&quot;:&quot;classic&quot;,&quot;animation&quot;:&quot;fadeInLeft&quot;}\">\n\t\t\t\t<div class=\"elementor-element elementor-element-12fea46 elementor-widget elementor-widget-image\" data-id=\"12fea46\" data-element_type=\"widget\" data-widget_type=\"image.default\">\n\t\t\t\t\t\t\t\t\t\t\t\t\t\t\t<img fetchpriority=\"high\" decoding=\"async\" width=\"800\" height=\"527\" src=\"https:\/\/latequilera.softworldcolombia.com\/wp-content\/uploads\/2025\/09\/vecteezy_ai-generated-a-group-of-people-celebrating-a-birthday_37296344-1024x675.jpg\" class=\"attachment-large size-large wp-image-126\" alt=\"\" srcset=\"https:\/\/latequilera.softworldcolombia.com\/wp-content\/uploads\/2025\/09\/vecteezy_ai-generated-a-group-of-people-celebrating-a-birthday_37296344-1024x675.jpg 1024w, https:\/\/latequilera.softworldcolombia.com\/wp-content\/uploads\/2025\/09\/vecteezy_ai-generated-a-group-of-people-celebrating-a-birthday_37296344-300x198.jpg 300w, https:\/\/latequilera.softworldcolombia.com\/wp-content\/uploads\/2025\/09\/vecteezy_ai-generated-a-group-of-people-celebrating-a-birthday_37296344-768x506.jpg 768w, https:\/\/latequilera.softworldcolombia.com\/wp-content\/uploads\/2025\/09\/vecteezy_ai-generated-a-group-of-people-celebrating-a-birthday_37296344-1536x1012.jpg 1536w, https:\/\/latequilera.softworldcolombia.com\/wp-content\/uploads\/2025\/09\/vecteezy_ai-generated-a-group-of-people-celebrating-a-birthday_37296344-2048x1349.jpg 2048w\" sizes=\"(max-width: 800px) 100vw, 800px\" \/>\t\t\t\t\t\t\t\t\t\t\t\t\t\t\t<\/div>\n\t\t\t\t<div class=\"elementor-element elementor-element-408f5b7 elementor-widget elementor-widget-heading\" data-id=\"408f5b7\" data-element_type=\"widget\" data-widget_type=\"heading.default\">\n\t\t\t\t\t<h2 class=\"elementor-heading-title elementor-size-default\">Celebraci\u00f3n de cumplea\u00f1os<\/h2>\t\t\t\t<\/div>\n\t\t\t\t<div class=\"elementor-element elementor-element-b69bed6 elementor-button-warning elementor-align-center elementor-widget elementor-widget-button\" data-id=\"b69bed6\" data-element_type=\"widget\" data-widget_type=\"button.default\">\n\t\t\t\t\t\t\t\t\t\t<a class=\"elementor-button elementor-button-link elementor-size-sm\" href=\"#\">\n\t\t\t\t\t\t<span class=\"elementor-button-content-wrapper\">\n\t\t\t\t\t\t<span class=\"elementor-button-icon\">\n\t\t\t\t<svg aria-hidden=\"true\" class=\"e-font-icon-svg e-fas-info-circle\" viewBox=\"0 0 512 512\" xmlns=\"http:\/\/www.w3.org\/2000\/svg\"><path d=\"M256 8C119.043 8 8 119.083 8 256c0 136.997 111.043 248 248 248s248-111.003 248-248C504 119.083 392.957 8 256 8zm0 110c23.196 0 42 18.804 42 42s-18.804 42-42 42-42-18.804-42-42 18.804-42 42-42zm56 254c0 6.627-5.373 12-12 12h-88c-6.627 0-12-5.373-12-12v-24c0-6.627 5.373-12 12-12h12v-64h-12c-6.627 0-12-5.373-12-12v-24c0-6.627 5.373-12 12-12h64c6.627 0 12 5.373 12 12v100h12c6.627 0 12 5.373 12 12v24z\"><\/path><\/svg>\t\t\t<\/span>\n\t\t\t\t\t\t\t\t\t<span class=\"elementor-button-text\">INFORMACI\u00d3N<\/span>\n\t\t\t\t\t<\/span>\n\t\t\t\t\t<\/a>\n\t\t\t\t\t\t\t\t<\/div>\n\t\t\t\t<\/div>\n\t\t<div class=\"elementor-element elementor-element-35515cf e-con-full e-flex elementor-invisible e-con e-child\" data-id=\"35515cf\" data-element_type=\"container\" data-settings=\"{&quot;background_background&quot;:&quot;classic&quot;,&quot;animation&quot;:&quot;fadeInLeft&quot;}\">\n\t\t\t\t<div class=\"elementor-element elementor-element-823a2b0 elementor-widget elementor-widget-image\" data-id=\"823a2b0\" data-element_type=\"widget\" data-widget_type=\"image.default\">\n\t\t\t\t\t\t\t\t\t\t\t\t\t\t\t<img decoding=\"async\" width=\"800\" height=\"586\" src=\"https:\/\/latequilera.softworldcolombia.com\/wp-content\/uploads\/2025\/09\/stock-photo-guadalajara-jalisco-mexico-march-mariachi-band-singing-1314665447-1024x750.jpg\" class=\"attachment-large size-large wp-image-103\" alt=\"\" srcset=\"https:\/\/latequilera.softworldcolombia.com\/wp-content\/uploads\/2025\/09\/stock-photo-guadalajara-jalisco-mexico-march-mariachi-band-singing-1314665447-1024x750.jpg 1024w, https:\/\/latequilera.softworldcolombia.com\/wp-content\/uploads\/2025\/09\/stock-photo-guadalajara-jalisco-mexico-march-mariachi-band-singing-1314665447-300x220.jpg 300w, https:\/\/latequilera.softworldcolombia.com\/wp-content\/uploads\/2025\/09\/stock-photo-guadalajara-jalisco-mexico-march-mariachi-band-singing-1314665447-768x562.jpg 768w, https:\/\/latequilera.softworldcolombia.com\/wp-content\/uploads\/2025\/09\/stock-photo-guadalajara-jalisco-mexico-march-mariachi-band-singing-1314665447.jpg 1500w\" sizes=\"(max-width: 800px) 100vw, 800px\" \/>\t\t\t\t\t\t\t\t\t\t\t\t\t\t\t<\/div>\n\t\t\t\t<div class=\"elementor-element elementor-element-9cc7544 elementor-widget elementor-widget-heading\" data-id=\"9cc7544\" data-element_type=\"widget\" data-widget_type=\"heading.default\">\n\t\t\t\t\t<h2 class=\"elementor-heading-title elementor-size-default\">Presentaciones m\u00fasicales<\/h2>\t\t\t\t<\/div>\n\t\t\t\t<div class=\"elementor-element elementor-element-1d4a99e elementor-button-warning elementor-align-center elementor-widget elementor-widget-button\" data-id=\"1d4a99e\" data-element_type=\"widget\" data-widget_type=\"button.default\">\n\t\t\t\t\t\t\t\t\t\t<a class=\"elementor-button elementor-button-link elementor-size-sm\" href=\"#\">\n\t\t\t\t\t\t<span class=\"elementor-button-content-wrapper\">\n\t\t\t\t\t\t<span class=\"elementor-button-icon\">\n\t\t\t\t<svg aria-hidden=\"true\" class=\"e-font-icon-svg e-fas-info-circle\" viewBox=\"0 0 512 512\" xmlns=\"http:\/\/www.w3.org\/2000\/svg\"><path d=\"M256 8C119.043 8 8 119.083 8 256c0 136.997 111.043 248 248 248s248-111.003 248-248C504 119.083 392.957 8 256 8zm0 110c23.196 0 42 18.804 42 42s-18.804 42-42 42-42-18.804-42-42 18.804-42 42-42zm56 254c0 6.627-5.373 12-12 12h-88c-6.627 0-12-5.373-12-12v-24c0-6.627 5.373-12 12-12h12v-64h-12c-6.627 0-12-5.373-12-12v-24c0-6.627 5.373-12 12-12h64c6.627 0 12 5.373 12 12v100h12c6.627 0 12 5.373 12 12v24z\"><\/path><\/svg>\t\t\t<\/span>\n\t\t\t\t\t\t\t\t\t<span class=\"elementor-button-text\">INFORMACI\u00d3N<\/span>\n\t\t\t\t\t<\/span>\n\t\t\t\t\t<\/a>\n\t\t\t\t\t\t\t\t<\/div>\n\t\t\t\t<\/div>\n\t\t<div class=\"elementor-element elementor-element-1cbf1a0 e-con-full e-flex elementor-invisible e-con e-child\" data-id=\"1cbf1a0\" data-element_type=\"container\" data-settings=\"{&quot;background_background&quot;:&quot;classic&quot;,&quot;animation&quot;:&quot;fadeInRight&quot;}\">\n\t\t\t\t<div class=\"elementor-element elementor-element-ff218af elementor-widget elementor-widget-image\" data-id=\"ff218af\" data-element_type=\"widget\" data-widget_type=\"image.default\">\n\t\t\t\t\t\t\t\t\t\t\t\t\t\t\t<img decoding=\"async\" width=\"800\" height=\"586\" src=\"https:\/\/latequilera.softworldcolombia.com\/wp-content\/uploads\/2025\/09\/stock-photo-guadalajara-jalisco-mexico-march-mariachi-band-singing-1314665447-1024x750.jpg\" class=\"attachment-large size-large wp-image-103\" alt=\"\" srcset=\"https:\/\/latequilera.softworldcolombia.com\/wp-content\/uploads\/2025\/09\/stock-photo-guadalajara-jalisco-mexico-march-mariachi-band-singing-1314665447-1024x750.jpg 1024w, https:\/\/latequilera.softworldcolombia.com\/wp-content\/uploads\/2025\/09\/stock-photo-guadalajara-jalisco-mexico-march-mariachi-band-singing-1314665447-300x220.jpg 300w, https:\/\/latequilera.softworldcolombia.com\/wp-content\/uploads\/2025\/09\/stock-photo-guadalajara-jalisco-mexico-march-mariachi-band-singing-1314665447-768x562.jpg 768w, https:\/\/latequilera.softworldcolombia.com\/wp-content\/uploads\/2025\/09\/stock-photo-guadalajara-jalisco-mexico-march-mariachi-band-singing-1314665447.jpg 1500w\" sizes=\"(max-width: 800px) 100vw, 800px\" \/>\t\t\t\t\t\t\t\t\t\t\t\t\t\t\t<\/div>\n\t\t\t\t<div class=\"elementor-element elementor-element-2c962b9 elementor-widget elementor-widget-heading\" data-id=\"2c962b9\" data-element_type=\"widget\" data-widget_type=\"heading.default\">\n\t\t\t\t\t<h2 class=\"elementor-heading-title elementor-size-default\">Personajes tem\u00e1ticos<\/h2>\t\t\t\t<\/div>\n\t\t\t\t<div class=\"elementor-element elementor-element-2dc211f elementor-button-warning elementor-align-center elementor-widget elementor-widget-button\" data-id=\"2dc211f\" data-element_type=\"widget\" data-widget_type=\"button.default\">\n\t\t\t\t\t\t\t\t\t\t<a class=\"elementor-button elementor-button-link elementor-size-sm\" href=\"#\">\n\t\t\t\t\t\t<span class=\"elementor-button-content-wrapper\">\n\t\t\t\t\t\t<span class=\"elementor-button-icon\">\n\t\t\t\t<svg aria-hidden=\"true\" class=\"e-font-icon-svg e-fas-info-circle\" viewBox=\"0 0 512 512\" xmlns=\"http:\/\/www.w3.org\/2000\/svg\"><path d=\"M256 8C119.043 8 8 119.083 8 256c0 136.997 111.043 248 248 248s248-111.003 248-248C504 119.083 392.957 8 256 8zm0 110c23.196 0 42 18.804 42 42s-18.804 42-42 42-42-18.804-42-42 18.804-42 42-42zm56 254c0 6.627-5.373 12-12 12h-88c-6.627 0-12-5.373-12-12v-24c0-6.627 5.373-12 12-12h12v-64h-12c-6.627 0-12-5.373-12-12v-24c0-6.627 5.373-12 12-12h64c6.627 0 12 5.373 12 12v100h12c6.627 0 12 5.373 12 12v24z\"><\/path><\/svg>\t\t\t<\/span>\n\t\t\t\t\t\t\t\t\t<span class=\"elementor-button-text\">INFORMACI\u00d3N<\/span>\n\t\t\t\t\t<\/span>\n\t\t\t\t\t<\/a>\n\t\t\t\t\t\t\t\t<\/div>\n\t\t\t\t<\/div>\n\t\t<div class=\"elementor-element elementor-element-ce692d3 e-con-full e-flex elementor-invisible e-con e-child\" data-id=\"ce692d3\" data-element_type=\"container\" data-settings=\"{&quot;background_background&quot;:&quot;classic&quot;,&quot;animation&quot;:&quot;fadeInRight&quot;}\">\n\t\t\t\t<div class=\"elementor-element elementor-element-d6e307f elementor-widget elementor-widget-image\" data-id=\"d6e307f\" data-element_type=\"widget\" data-widget_type=\"image.default\">\n\t\t\t\t\t\t\t\t\t\t\t\t\t\t\t<img decoding=\"async\" width=\"800\" height=\"534\" src=\"https:\/\/latequilera.softworldcolombia.com\/wp-content\/uploads\/2025\/09\/istockphoto-2166045624-1024x1024-1.jpg\" class=\"attachment-large size-large wp-image-107\" alt=\"\" srcset=\"https:\/\/latequilera.softworldcolombia.com\/wp-content\/uploads\/2025\/09\/istockphoto-2166045624-1024x1024-1.jpg 1024w, https:\/\/latequilera.softworldcolombia.com\/wp-content\/uploads\/2025\/09\/istockphoto-2166045624-1024x1024-1-300x200.jpg 300w, https:\/\/latequilera.softworldcolombia.com\/wp-content\/uploads\/2025\/09\/istockphoto-2166045624-1024x1024-1-768x512.jpg 768w\" sizes=\"(max-width: 800px) 100vw, 800px\" \/>\t\t\t\t\t\t\t\t\t\t\t\t\t\t\t<\/div>\n\t\t\t\t<div class=\"elementor-element elementor-element-fc0491c elementor-widget elementor-widget-heading\" data-id=\"fc0491c\" data-element_type=\"widget\" data-widget_type=\"heading.default\">\n\t\t\t\t\t<h2 class=\"elementor-heading-title elementor-size-default\">Cata de licores <\/h2>\t\t\t\t<\/div>\n\t\t\t\t<div class=\"elementor-element elementor-element-c1fcdfd elementor-button-warning elementor-align-center elementor-widget elementor-widget-button\" data-id=\"c1fcdfd\" data-element_type=\"widget\" data-widget_type=\"button.default\">\n\t\t\t\t\t\t\t\t\t\t<a class=\"elementor-button elementor-button-link elementor-size-sm\" href=\"#\">\n\t\t\t\t\t\t<span class=\"elementor-button-content-wrapper\">\n\t\t\t\t\t\t<span class=\"elementor-button-icon\">\n\t\t\t\t<svg aria-hidden=\"true\" class=\"e-font-icon-svg e-fas-info-circle\" viewBox=\"0 0 512 512\" xmlns=\"http:\/\/www.w3.org\/2000\/svg\"><path d=\"M256 8C119.043 8 8 119.083 8 256c0 136.997 111.043 248 248 248s248-111.003 248-248C504 119.083 392.957 8 256 8zm0 110c23.196 0 42 18.804 42 42s-18.804 42-42 42-42-18.804-42-42 18.804-42 42-42zm56 254c0 6.627-5.373 12-12 12h-88c-6.627 0-12-5.373-12-12v-24c0-6.627 5.373-12 12-12h12v-64h-12c-6.627 0-12-5.373-12-12v-24c0-6.627 5.373-12 12-12h64c6.627 0 12 5.373 12 12v100h12c6.627 0 12 5.373 12 12v24z\"><\/path><\/svg>\t\t\t<\/span>\n\t\t\t\t\t\t\t\t\t<span class=\"elementor-button-text\">INFORMACI\u00d3N<\/span>\n\t\t\t\t\t<\/span>\n\t\t\t\t\t<\/a>\n\t\t\t\t\t\t\t\t<\/div>\n\t\t\t\t<\/div>\n\t\t\t\t\t<\/div>\n\t\t\t\t<\/div>\n\t\t\t\t<\/div>\n\t\t","protected":false},"excerpt":{"rendered":"<p>Celebraci\u00f3n de cumplea\u00f1os INFORMACI\u00d3N Presentaciones m\u00fasicales INFORMACI\u00d3N Personajes tem\u00e1ticos INFORMACI\u00d3N Cata de licores INFORMACI\u00d3N<\/p>\n","protected":false},"author":1,"featured_media":0,"parent":0,"menu_order":0,"comment_status":"closed","ping_status":"closed","template":"","meta":{"footnotes":""},"class_list":["post-267","page","type-page","status-publish","hentry"],"_links":{"self":[{"href":"https:\/\/latequilera.softworldcolombia.com\/index.php?rest_route=\/wp\/v2\/pages\/267","targetHints":{"allow":["GET"]}}],"collection":[{"href":"https:\/\/latequilera.softworldcolombia.com\/index.php?rest_route=\/wp\/v2\/pages"}],"about":[{"href":"https:\/\/latequilera.softworldcolombia.com\/index.php?rest_route=\/wp\/v2\/types\/page"}],"author":[{"embeddable":true,"href":"https:\/\/latequilera.softworldcolombia.com\/index.php?rest_route=\/wp\/v2\/users\/1"}],"replies":[{"embeddable":true,"href":"https:\/\/latequilera.softworldcolombia.com\/index.php?rest_route=%2Fwp%2Fv2%2Fcomments&post=267"}],"version-history":[{"count":34,"href":"https:\/\/latequilera.softworldcolombia.com\/index.php?rest_route=\/wp\/v2\/pages\/267\/revisions"}],"predecessor-version":[{"id":303,"href":"https:\/\/latequilera.softworldcolombia.com\/index.php?rest_route=\/wp\/v2\/pages\/267\/revisions\/303"}],"wp:attachment":[{"href":"https:\/\/latequilera.softworldcolombia.com\/index.php?rest_route=%2Fwp%2Fv2%2Fmedia&parent=267"}],"curies":[{"name":"wp","href":"https:\/\/api.w.org\/{rel}","templated":true}]}}